{"id":7034,"date":"2018-07-26T07:17:24","date_gmt":"2018-07-26T10:17:24","guid":{"rendered":"https:\/\/ead.exati.com.br\/acerca-de\/"},"modified":"2024-09-06T11:45:02","modified_gmt":"2024-09-06T14:45:02","slug":"acerca-de","status":"publish","type":"page","link":"https:\/\/ead.exati.com.br\/es\/acerca-de\/","title":{"rendered":"Acerca de"},"content":{"rendered":"\t\t<div data-elementor-type=\"wp-page\" data-elementor-id=\"7034\" class=\"elementor elementor-7034 elementor-392\">\n\t\t\t\t\t\t<section class=\"elementor-section elementor-top-section elementor-element elementor-element-2816cb2 elementor-section-stretched elementor-section-boxed elementor-section-height-default elementor-section-height-default\" data-id=\"2816cb2\" data-element_type=\"section\" data-settings=\"{&quot;background_background&quot;:&quot;classic&quot;,&quot;stretch_section&quot;:&quot;section-stretched&quot;}\">\n\t\t\t\t\t\t<div class=\"elementor-container elementor-column-gap-default\">\n\t\t\t\t\t<div class=\"elementor-column elementor-col-50 elementor-top-column elementor-element elementor-element-2817197\" data-id=\"2817197\" data-element_type=\"column\">\n\t\t\t<div class=\"elementor-widget-wrap elementor-element-populated\">\n\t\t\t\t\t\t<div class=\"elementor-element elementor-element-2817573 elementor-widget elementor-widget-vc_custom_heading\" data-id=\"2817573\" data-element_type=\"widget\" data-widget_type=\"vc_custom_heading.default\">\n\t\t\t\t<div class=\"elementor-widget-container\">\n\t\t\t\t\t<div class=\" vc_custom_heading  masterstudy_heading_font  text_align_left\" ><h2 style=\"text-align: left;font-weight:700\" class=\"masterstudy-custom-title\">\u00a1Bienvenidos a la plataforma de cursos de Exati!\n<\/h2><\/div>\t\t\t\t<\/div>\n\t\t\t\t<\/div>\n\t\t\t\t<div class=\"elementor-element elementor-element-2817861 elementor-widget elementor-widget-text-editor\" data-id=\"2817861\" data-element_type=\"widget\" data-widget_type=\"text-editor.default\">\n\t\t\t\t<div class=\"elementor-widget-container\">\n\t\t\t\t\t\t\t\t\t<p>Los estudios online Exati EAD est\u00e1n dise\u00f1ados para profesionales y gestores p\u00fablicos que buscan conocimientos sobre el Sistema Exati.<br \/>\nOfrecidos para cursos individuales, certificaciones y programas de desarrollo, los estudios online Exati EAD representan una valiosa opci\u00f3n.<br \/>\nAl finalizarlos con \u00e9xito, los alumnos reciben una cualificaci\u00f3n que mejora sus competencias en la gesti\u00f3n del alumbrado p\u00fablico y en las \u00e1reas de infraestructuras urbanas, como forestaci\u00f3n, pavimentaci\u00f3n, residuos y saneamiento.  <\/p>\n\t\t\t\t\t\t\t\t<\/div>\n\t\t\t\t<\/div>\n\t\t\t\t<div class=\"elementor-element elementor-element-2818040 elementor-widget elementor-widget-image\" data-id=\"2818040\" data-element_type=\"widget\" data-widget_type=\"image.default\">\n\t\t\t\t<div class=\"elementor-widget-container\">\n\t\t\t\t\t\t\t\t\t\t\t\t\t\t\t<img fetchpriority=\"high\" decoding=\"async\" width=\"1024\" height=\"682\" src=\"https:\/\/ead.exati.com.br\/wp-content\/uploads\/2018\/05\/course_image-1024x682.jpg\" class=\"attachment-large size-large wp-image-219\" alt=\"masterstudy_placeholder\" srcset=\"https:\/\/ead.exati.com.br\/wp-content\/uploads\/2018\/05\/course_image-1024x682.jpg 1024w, https:\/\/ead.exati.com.br\/wp-content\/uploads\/2018\/05\/course_image-600x400.jpg 600w, https:\/\/ead.exati.com.br\/wp-content\/uploads\/2018\/05\/course_image-300x200.jpg 300w, https:\/\/ead.exati.com.br\/wp-content\/uploads\/2018\/05\/course_image-768x512.jpg 768w, https:\/\/ead.exati.com.br\/wp-content\/uploads\/2018\/05\/course_image-1536x1023.jpg 1536w, https:\/\/ead.exati.com.br\/wp-content\/uploads\/2018\/05\/course_image-270x180.jpg 270w, https:\/\/ead.exati.com.br\/wp-content\/uploads\/2018\/05\/course_image.jpg 1920w\" sizes=\"(max-width: 1024px) 100vw, 1024px\" \/>\t\t\t\t\t\t\t\t\t\t\t\t\t\t\t<\/div>\n\t\t\t\t<\/div>\n\t\t\t\t\t<\/div>\n\t\t<\/div>\n\t\t\t\t<div class=\"elementor-column elementor-col-50 elementor-top-column elementor-element elementor-element-2818bf1\" data-id=\"2818bf1\" data-element_type=\"column\">\n\t\t\t<div class=\"elementor-widget-wrap elementor-element-populated\">\n\t\t\t\t\t\t<div class=\"elementor-element elementor-element-2819006 elementor-widget elementor-widget-image\" data-id=\"2819006\" data-element_type=\"widget\" data-widget_type=\"image.default\">\n\t\t\t\t<div class=\"elementor-widget-container\">\n\t\t\t\t\t\t\t\t\t\t\t\t\t\t\t<img decoding=\"async\" width=\"1024\" height=\"642\" src=\"https:\/\/ead.exati.com.br\/wp-content\/uploads\/2024\/09\/cidade-1024x642.png\" class=\"attachment-large size-large wp-image-7053\" alt=\"\" srcset=\"https:\/\/ead.exati.com.br\/wp-content\/uploads\/2024\/09\/cidade-1024x642.png 1024w, https:\/\/ead.exati.com.br\/wp-content\/uploads\/2024\/09\/cidade-300x188.png 300w, https:\/\/ead.exati.com.br\/wp-content\/uploads\/2024\/09\/cidade-768x481.png 768w, https:\/\/ead.exati.com.br\/wp-content\/uploads\/2024\/09\/cidade-600x376.png 600w, https:\/\/ead.exati.com.br\/wp-content\/uploads\/2024\/09\/cidade.png 1257w\" sizes=\"(max-width: 1024px) 100vw, 1024px\" \/>\t\t\t\t\t\t\t\t\t\t\t\t\t\t\t<\/div>\n\t\t\t\t<\/div>\n\t\t\t\t<div class=\"elementor-element elementor-element-06cb060 elementor-tabs-view-horizontal elementor-widget elementor-widget-tabs\" data-id=\"06cb060\" data-element_type=\"widget\" data-widget_type=\"tabs.default\">\n\t\t\t\t<div class=\"elementor-widget-container\">\n\t\t\t\t\t\t\t<div class=\"elementor-tabs\">\n\t\t\t<div class=\"elementor-tabs-wrapper\" role=\"tablist\" >\n\t\t\t\t\t\t\t\t\t<div id=\"elementor-tab-title-7121\" class=\"elementor-tab-title elementor-tab-desktop-title\" aria-selected=\"true\" data-tab=\"1\" role=\"tab\" tabindex=\"0\" aria-controls=\"elementor-tab-content-7121\" aria-expanded=\"false\">Habilidades<\/div>\n\t\t\t\t\t\t\t\t\t<div id=\"elementor-tab-title-7122\" class=\"elementor-tab-title elementor-tab-desktop-title\" aria-selected=\"false\" data-tab=\"2\" role=\"tab\" tabindex=\"-1\" aria-controls=\"elementor-tab-content-7122\" aria-expanded=\"false\">Ponte en contacto<\/div>\n\t\t\t\t\t\t\t<\/div>\n\t\t\t<div class=\"elementor-tabs-content-wrapper\" role=\"tablist\" aria-orientation=\"vertical\">\n\t\t\t\t\t\t\t\t\t<div class=\"elementor-tab-title elementor-tab-mobile-title\" aria-selected=\"true\" data-tab=\"1\" role=\"tab\" tabindex=\"0\" aria-controls=\"elementor-tab-content-7121\" aria-expanded=\"false\">Habilidades<\/div>\n\t\t\t\t\t<div id=\"elementor-tab-content-7121\" class=\"elementor-tab-content elementor-clearfix\" data-tab=\"1\" role=\"tabpanel\" aria-labelledby=\"elementor-tab-title-7121\" tabindex=\"0\" hidden=\"false\"><h3>Cursos de Formaci\u00f3n Profesional con Certificado (Online)<\/h3>\n<ul>\n<li>Se pueden obtener certificados en l\u00ednea en diversas \u00e1reas especializadas.<\/li>\n<li>Hay certificados disponibles para cursos en las \u00e1reas de alumbrado p\u00fablico, forestaci\u00f3n, pavimentaci\u00f3n, residuos y saneamiento.<\/li>\n<li>El curso preparatorio permite a los alumnos dominar el sistema Exati y les permite investigar directamente sobre un tema si tienen alguna duda.<\/li>\n<\/ul>\n<\/div>\n\t\t\t\t\t\t\t\t\t<div class=\"elementor-tab-title elementor-tab-mobile-title\" aria-selected=\"false\" data-tab=\"2\" role=\"tab\" tabindex=\"-1\" aria-controls=\"elementor-tab-content-7122\" aria-expanded=\"false\">Ponte en contacto<\/div>\n\t\t\t\t\t<div id=\"elementor-tab-content-7122\" class=\"elementor-tab-content elementor-clearfix\" data-tab=\"2\" role=\"tabpanel\" aria-labelledby=\"elementor-tab-title-7122\" tabindex=\"0\" hidden=\"hidden\">\n<div class=\"wpcf7 no-js\" id=\"wpcf7-f403-o1\" lang=\"pt-BR\" dir=\"ltr\" data-wpcf7-id=\"403\">\n<div class=\"screen-reader-response\"><p role=\"status\" aria-live=\"polite\" aria-atomic=\"true\"><\/p> <ul><\/ul><\/div>\n<form action=\"\/es\/wp-json\/wp\/v2\/pages\/7034#wpcf7-f403-o1\" method=\"post\" class=\"wpcf7-form init\" aria-label=\"Formul\u00e1rios de contato\" novalidate=\"novalidate\" data-status=\"init\">\n<div style=\"display: none;\">\n<input type=\"hidden\" name=\"_wpcf7\" value=\"403\" \/>\n<input type=\"hidden\" name=\"_wpcf7_version\" value=\"6.0.4\" \/>\n<input type=\"hidden\" name=\"_wpcf7_locale\" value=\"pt_BR\" \/>\n<input type=\"hidden\" name=\"_wpcf7_unit_tag\" value=\"wpcf7-f403-o1\" \/>\n<input type=\"hidden\" name=\"_wpcf7_container_post\" value=\"0\" \/>\n<input type=\"hidden\" name=\"_wpcf7_posted_data_hash\" value=\"\" \/>\n<\/div>\n<div class=\"row\">\n\t<div class=\"col-xs-12 col-sm-6 col-md-6 col-lg-6\">\n\t\t<div class=\"form-group\">\n\t\t\t<p><span class=\"wpcf7-form-control-wrap\" data-name=\"nome\"><input size=\"40\" maxlength=\"400\" class=\"wpcf7-form-control wpcf7-text wpcf7-validates-as-required form-control\" aria-required=\"true\" aria-invalid=\"false\" placeholder=\"Nome\" value=\"\" type=\"text\" name=\"nome\" \/><\/span>\n\t\t\t<\/p>\n\t\t<\/div>\n\t<\/div>\n\t<div class=\"col-xs-12 col-sm-6 col-md-6 col-lg-6\">\n\t\t<div class=\"form-group\">\n\t\t\t<p><span class=\"wpcf7-form-control-wrap\" data-name=\"email\"><input size=\"40\" maxlength=\"400\" class=\"wpcf7-form-control wpcf7-email wpcf7-validates-as-required wpcf7-text wpcf7-validates-as-email form-control\" aria-required=\"true\" aria-invalid=\"false\" placeholder=\"Email\" value=\"\" type=\"email\" name=\"email\" \/><\/span>\n\t\t\t<\/p>\n\t\t<\/div>\n\t<\/div>\n<\/div>\n<div class=\"row\">\n\t<div class=\"col-xs-12 col-sm-12 col-md-12 col-lg-12\">\n\t\t<div class=\"form-group\">\n\t\t\t<p><span class=\"wpcf7-form-control-wrap\" data-name=\"message\"><textarea cols=\"40\" rows=\"9\" maxlength=\"2000\" class=\"wpcf7-form-control wpcf7-textarea wpcf7-validates-as-required form-control\" aria-required=\"true\" aria-invalid=\"false\" name=\"message\"><\/textarea><\/span>\n\t\t\t<\/p>\n\t\t<\/div>\n\t<\/div>\n<\/div>\n<div class=\"row\">\n\t<div class=\"col-xs-12 col-sm-12 col-md-12 col-lg-12\">\n\t\t<p><input class=\"wpcf7-form-control wpcf7-submit has-spinner btn btn-default\" type=\"submit\" value=\"Enviar\" \/>\n\t\t<\/p>\n\t<\/div>\n<\/div><div class=\"wpcf7-response-output\" aria-hidden=\"true\"><\/div>\n<\/form>\n<\/div>\n\n<\/div>\n\t\t\t\t\t\t\t<\/div>\n\t\t<\/div>\n\t\t\t\t\t\t<\/div>\n\t\t\t\t<\/div>\n\t\t\t\t\t<\/div>\n\t\t<\/div>\n\t\t\t\t\t<\/div>\n\t\t<\/section>\n\t\t\t\t<section class=\"elementor-section elementor-top-section elementor-element elementor-element-281b274 elementor-section-boxed elementor-section-height-default elementor-section-height-default\" data-id=\"281b274\" data-element_type=\"section\">\n\t\t\t\t\t\t<div class=\"elementor-container elementor-column-gap-default\">\n\t\t\t\t\t<div class=\"elementor-column elementor-col-100 elementor-top-column elementor-element elementor-element-281b700\" data-id=\"281b700\" data-element_type=\"column\">\n\t\t\t<div class=\"elementor-widget-wrap elementor-element-populated\">\n\t\t\t\t\t\t<div class=\"elementor-element elementor-element-281ba8a elementor-widget elementor-widget-stm_multy_separator\" data-id=\"281ba8a\" data-element_type=\"widget\" data-widget_type=\"stm_multy_separator.default\">\n\t\t\t\t<div class=\"elementor-widget-container\">\n\t\t\t\t\t\n<div class=\"multiseparator masterstudy_elementor_multy_separator_\"><\/div>\n\t\t\t\t<\/div>\n\t\t\t\t<\/div>\n\t\t\t\t<div class=\"elementor-element elementor-element-281bb23 elementor-widget elementor-widget-vc_custom_heading\" data-id=\"281bb23\" data-element_type=\"widget\" data-widget_type=\"vc_custom_heading.default\">\n\t\t\t\t<div class=\"elementor-widget-container\">\n\t\t\t\t\t<div class=\" vc_custom_heading  masterstudy_heading_font  text_align_left\" ><h2 style=\"text-align: left;font-weight:700\" class=\"masterstudy-custom-title\">Certificados\n<\/h2><\/div>\t\t\t\t<\/div>\n\t\t\t\t<\/div>\n\t\t\t\t<section class=\"elementor-section elementor-top-section elementor-element elementor-element-281bd02 elementor-section-boxed elementor-section-height-default elementor-section-height-default\" data-id=\"281bd02\" data-element_type=\"section\">\n\t\t\t\t\t\t<div class=\"elementor-container elementor-column-gap-default\">\n\t\t\t\t\t<div class=\"elementor-column elementor-col-33 elementor-top-column elementor-element elementor-element-281c1b3\" data-id=\"281c1b3\" data-element_type=\"column\">\n\t\t\t<div class=\"elementor-widget-wrap elementor-element-populated\">\n\t\t\t\t\t\t<div class=\"elementor-element elementor-element-281c53b elementor-widget elementor-widget-stm_certificate\" data-id=\"281c53b\" data-element_type=\"widget\" data-widget_type=\"stm_certificate.default\">\n\t\t\t\t<div class=\"elementor-widget-container\">\n\t\t\t\t\t\n\t<div class=\"certificate  masterstudy_elementor_certificate_\">\n\t\t<div class=\"certificate-frame\">\n\t\t\t<div class=\"certificate-holder\">\n\t\t\t\t<img decoding=\"async\" class=\"img-responsive\" src=\"https:\/\/ead.exati.com.br\/wp-content\/uploads\/2018\/07\/certificate-480x380.png\" \/>\n\t\t\t<\/div>\n\t\t<\/div>\n\t\t\t\t\t<div class=\"h4 title text-center\">Ilumina\u00e7\u00e3o P\u00fablica<\/div>\n\t\t\t<\/div>\n\t\t\t\t<\/div>\n\t\t\t\t<\/div>\n\t\t\t\t\t<\/div>\n\t\t<\/div>\n\t\t\t\t<div class=\"elementor-column elementor-col-33 elementor-top-column elementor-element elementor-element-281cc14\" data-id=\"281cc14\" data-element_type=\"column\">\n\t\t\t<div class=\"elementor-widget-wrap elementor-element-populated\">\n\t\t\t\t\t\t<div class=\"elementor-element elementor-element-281cf7c elementor-widget elementor-widget-stm_certificate\" data-id=\"281cf7c\" data-element_type=\"widget\" data-widget_type=\"stm_certificate.default\">\n\t\t\t\t<div class=\"elementor-widget-container\">\n\t\t\t\t\t\n\t<div class=\"certificate  masterstudy_elementor_certificate_\">\n\t\t<div class=\"certificate-frame\">\n\t\t\t<div class=\"certificate-holder\">\n\t\t\t\t<img decoding=\"async\" class=\"img-responsive\" src=\"https:\/\/ead.exati.com.br\/wp-content\/uploads\/2018\/07\/certificate-480x380.png\" \/>\n\t\t\t<\/div>\n\t\t<\/div>\n\t\t\t\t\t<div class=\"h4 title text-center\">Arboriza\u00e7\u00e3o<\/div>\n\t\t\t<\/div>\n\t\t\t\t<\/div>\n\t\t\t\t<\/div>\n\t\t\t\t\t<\/div>\n\t\t<\/div>\n\t\t\t\t<div class=\"elementor-column elementor-col-33 elementor-top-column elementor-element elementor-element-281d3ab\" data-id=\"281d3ab\" data-element_type=\"column\">\n\t\t\t<div class=\"elementor-widget-wrap elementor-element-populated\">\n\t\t\t\t\t\t<div class=\"elementor-element elementor-element-281d6c6 elementor-widget elementor-widget-stm_certificate\" data-id=\"281d6c6\" data-element_type=\"widget\" data-widget_type=\"stm_certificate.default\">\n\t\t\t\t<div class=\"elementor-widget-container\">\n\t\t\t\t\t\n\t<div class=\"certificate  masterstudy_elementor_certificate_\">\n\t\t<div class=\"certificate-frame\">\n\t\t\t<div class=\"certificate-holder\">\n\t\t\t\t<img decoding=\"async\" class=\"img-responsive\" src=\"https:\/\/ead.exati.com.br\/wp-content\/uploads\/2018\/07\/certificate-480x380.png\" \/>\n\t\t\t<\/div>\n\t\t<\/div>\n\t\t\t\t\t<div class=\"h4 title text-center\">Saneamento<\/div>\n\t\t\t<\/div>\n\t\t\t\t<\/div>\n\t\t\t\t<\/div>\n\t\t\t\t\t<\/div>\n\t\t<\/div>\n\t\t\t\t\t<\/div>\n\t\t<\/section>\n\t\t\t\t\t<\/div>\n\t\t<\/div>\n\t\t\t\t\t<\/div>\n\t\t<\/section>\n\t\t\t\t<\/div>\n\t\t","protected":false},"excerpt":{"rendered":"<p>\u00a1Bienvenidos a la plataforma de cursos de Exati! Los estudios online Exati EAD est\u00e1n dise\u00f1ados para profesionales y gestores p\u00fablicos que buscan conocimientos sobre el Sistema Exati. Ofrecidos para cursos individuales, certificaciones y programas de desarrollo, los estudios online Exati EAD representan una valiosa opci\u00f3n. Al finalizarlos con \u00e9xito, los alumnos reciben una cualificaci\u00f3n que [&hellip;]<\/p>\n","protected":false},"author":1,"featured_media":0,"parent":0,"menu_order":0,"comment_status":"closed","ping_status":"closed","template":"","meta":{"pmpro_default_level":"","footnotes":""},"class_list":["post-7034","page","type-page","status-publish","hentry","pmpro-has-access"],"_links":{"self":[{"href":"https:\/\/ead.exati.com.br\/es\/wp-json\/wp\/v2\/pages\/7034","targetHints":{"allow":["GET"]}}],"collection":[{"href":"https:\/\/ead.exati.com.br\/es\/wp-json\/wp\/v2\/pages"}],"about":[{"href":"https:\/\/ead.exati.com.br\/es\/wp-json\/wp\/v2\/types\/page"}],"author":[{"embeddable":true,"href":"https:\/\/ead.exati.com.br\/es\/wp-json\/wp\/v2\/users\/1"}],"replies":[{"embeddable":true,"href":"https:\/\/ead.exati.com.br\/es\/wp-json\/wp\/v2\/comments?post=7034"}],"version-history":[{"count":6,"href":"https:\/\/ead.exati.com.br\/es\/wp-json\/wp\/v2\/pages\/7034\/revisions"}],"predecessor-version":[{"id":7070,"href":"https:\/\/ead.exati.com.br\/es\/wp-json\/wp\/v2\/pages\/7034\/revisions\/7070"}],"wp:attachment":[{"href":"https:\/\/ead.exati.com.br\/es\/wp-json\/wp\/v2\/media?parent=7034"}],"curies":[{"name":"wp","href":"https:\/\/api.w.org\/{rel}","templated":true}]}}