{"id":7032,"date":"2018-07-26T12:16:19","date_gmt":"2018-07-26T15:16:19","guid":{"rendered":"https:\/\/ead.exati.com.br\/contacto\/"},"modified":"2024-09-09T15:49:54","modified_gmt":"2024-09-09T18:49:54","slug":"contacto","status":"publish","type":"page","link":"https:\/\/ead.exati.com.br\/es\/contacto\/","title":{"rendered":"Contacto"},"content":{"rendered":"\t\t<div data-elementor-type=\"wp-page\" data-elementor-id=\"7032\" class=\"elementor elementor-7032 elementor-413\">\n\t\t\t\t\t\t<section class=\"elementor-section elementor-top-section elementor-element elementor-element-250741e elementor-section-stretched elementor-section-boxed elementor-section-height-default elementor-section-height-default\" data-id=\"250741e\" data-element_type=\"section\" data-settings=\"{&quot;background_background&quot;:&quot;classic&quot;,&quot;stretch_section&quot;:&quot;section-stretched&quot;}\">\n\t\t\t\t\t\t<div class=\"elementor-container elementor-column-gap-default\">\n\t\t\t\t\t<div class=\"elementor-column elementor-col-50 elementor-top-column elementor-element elementor-element-25079f0 stm_icon_box_responsive\" data-id=\"25079f0\" data-element_type=\"column\">\n\t\t\t<div class=\"elementor-widget-wrap elementor-element-populated\">\n\t\t\t\t\t\t<div class=\"elementor-element elementor-element-2507e35 elementor-widget elementor-widget-vc_custom_heading\" data-id=\"2507e35\" data-element_type=\"widget\" data-widget_type=\"vc_custom_heading.default\">\n\t\t\t\t<div class=\"elementor-widget-container\">\n\t\t\t\t\t<div class=\" vc_custom_heading  masterstudy_heading_font  text_align_left\" ><h3 style=\"text-align: left;font-weight:700\" class=\"masterstudy-custom-title\">Contactos:\n<\/h3><\/div>\t\t\t\t<\/div>\n\t\t\t\t<\/div>\n\t\t\t\t<section class=\"elementor-section elementor-top-section elementor-element elementor-element-2508342 elementor-section-boxed elementor-section-height-default elementor-section-height-default\" data-id=\"2508342\" data-element_type=\"section\" data-settings=\"{&quot;background_background&quot;:&quot;classic&quot;}\">\n\t\t\t\t\t\t<div class=\"elementor-container elementor-column-gap-default\">\n\t\t\t\t\t<div class=\"elementor-column elementor-col-100 elementor-top-column elementor-element elementor-element-2508766 stm_sm_gutter_back\" data-id=\"2508766\" data-element_type=\"column\" data-settings=\"{&quot;background_background&quot;:&quot;classic&quot;}\">\n\t\t\t<div class=\"elementor-widget-wrap elementor-element-populated\">\n\t\t\t\t\t\t<div class=\"elementor-element elementor-element-2508b27 elementor-widget elementor-widget-stm_icon_box\" data-id=\"2508b27\" data-element_type=\"widget\" data-widget_type=\"stm_icon_box.default\">\n\t\t\t\t<div class=\"elementor-widget-container\">\n\t\t\t\t\t<style type=\"text\/css\">.module__96425ddd8aa66963c8ee29ecb2f862dc {\n    background:#ffffff !important; color:#555555;\n}\n\n.module__96425ddd8aa66963c8ee29ecb2f862dc .icon {\n    width:35px;\n}\n.module__96425ddd8aa66963c8ee29ecb2f862dc .icon svg {\n\twidth: 33px;\n\theight: 33px;\n}\n.module__96425ddd8aa66963c8ee29ecb2f862dc .icon svg,\n.module__96425ddd8aa66963c8ee29ecb2f862dc .icon i {\n    font-size: 33px;\n    color: #eab830 !important;\n}\n.icon_alignment_top_left .module__96425ddd8aa66963c8ee29ecb2f862dc {\n    text-align: left;\n}\n.icon_alignment_top_center .module__96425ddd8aa66963c8ee29ecb2f862dc {\n    text-align: center;\n    margin-right: auto;\n    margin-left: auto;\n}\n.icon_alignment_top_right .module__96425ddd8aa66963c8ee29ecb2f862dc {\n    text-align: right;\n    margin-right: 0;\n    margin-left: auto;\n}\n<\/style>\n\t<a\t\n\t\thref=\"#\" \n\t\ttitle=\"\"\n\t\t\t>\n\n\t<div class=\"icon_box masterstudy_elementor_icon_box  stm_icon_box_hover_none dark module__96425ddd8aa66963c8ee29ecb2f862dc box_align_left clearfix\">\n\t\t<div class=\"icon_alignment_left\">\n\t\t\t\t\t\t\t<div class=\"icon module__96425ddd8aa66963c8ee29ecb2f862dc\">\n\t\t\t\t\t\t\t\t\t\t\t<i class=\" fa-icon-stm_icon_phone-o\"><\/i>\n\t\t\t\t\t\t\t\t\t<\/div>\n\t\t\t\n\t\t\t<div class=\"icon_text\">\n\t\t\t\t\t\t\t\t\t<h5 style=\"color:#555555\">\n\t\t\t\t\t\tTel\u00e9fono\t\t\t\t\t<\/h5>\n\t\t\t\t\t\t\t\t<p><p><a href=\"tel:+55 (41) 3020-2400\">+55 (41) 3020-2400<\/a><\/p><\/p>\t\t\t<\/div>\n\t\t<\/div> <!-- align icons -->\n\t<\/div>\n\n\t<\/a>\n\t\t\t\t<\/div>\n\t\t\t\t<\/div>\n\t\t\t\t\t<\/div>\n\t\t<\/div>\n\t\t\t\t\t<\/div>\n\t\t<\/section>\n\t\t\t\t<section class=\"elementor-section elementor-top-section elementor-element elementor-element-2509128 elementor-section-boxed elementor-section-height-default elementor-section-height-default\" data-id=\"2509128\" data-element_type=\"section\" data-settings=\"{&quot;background_background&quot;:&quot;classic&quot;}\">\n\t\t\t\t\t\t<div class=\"elementor-container elementor-column-gap-default\">\n\t\t\t\t\t<div class=\"elementor-column elementor-col-100 elementor-top-column elementor-element elementor-element-25095d9 stm_sm_gutter_back stm_bottom_border\" data-id=\"25095d9\" data-element_type=\"column\" data-settings=\"{&quot;background_background&quot;:&quot;classic&quot;}\">\n\t\t\t<div class=\"elementor-widget-wrap elementor-element-populated\">\n\t\t\t\t\t\t<div class=\"elementor-element elementor-element-25099e6 elementor-widget elementor-widget-stm_icon_box\" data-id=\"25099e6\" data-element_type=\"widget\" data-widget_type=\"stm_icon_box.default\">\n\t\t\t\t<div class=\"elementor-widget-container\">\n\t\t\t\t\t<style type=\"text\/css\">.module__4827cb9ba026f29802b4a59eda456f7a {\n    background:#ffffff !important; color:#555555;\n}\n\n.module__4827cb9ba026f29802b4a59eda456f7a .icon {\n    width:35px;\n}\n.module__4827cb9ba026f29802b4a59eda456f7a .icon svg {\n\twidth: 22px;\n\theight: 22px;\n}\n.module__4827cb9ba026f29802b4a59eda456f7a .icon svg,\n.module__4827cb9ba026f29802b4a59eda456f7a .icon i {\n    font-size: 22px;\n    color: #eab830 !important;\n}\n.icon_alignment_top_left .module__4827cb9ba026f29802b4a59eda456f7a {\n    text-align: left;\n}\n.icon_alignment_top_center .module__4827cb9ba026f29802b4a59eda456f7a {\n    text-align: center;\n    margin-right: auto;\n    margin-left: auto;\n}\n.icon_alignment_top_right .module__4827cb9ba026f29802b4a59eda456f7a {\n    text-align: right;\n    margin-right: 0;\n    margin-left: auto;\n}\n<\/style>\n\t<a\t\n\t\thref=\"#\" \n\t\ttitle=\"\"\n\t\t\t>\n\n\t<div class=\"icon_box masterstudy_elementor_icon_box  stm_icon_box_hover_none dark module__4827cb9ba026f29802b4a59eda456f7a box_align_left clearfix\">\n\t\t<div class=\"icon_alignment_left\">\n\t\t\t\t\t\t\t<div class=\"icon module__4827cb9ba026f29802b4a59eda456f7a\">\n\t\t\t\t\t\t\t\t\t\t\t<i class=\" fa-icon-stm_icon_mail-o\"><\/i>\n\t\t\t\t\t\t\t\t\t<\/div>\n\t\t\t\n\t\t\t<div class=\"icon_text\">\n\t\t\t\t\t\t\t\t\t<h5 style=\"color:#555555\">\n\t\t\t\t\t\tEmail:\t\t\t\t\t<\/h5>\n\t\t\t\t\t\t\t\t<p><p><a href=\"mailto:suporte@exati.com.br\">suporte@exati.com.br<\/a><\/p><\/p>\t\t\t<\/div>\n\t\t<\/div> <!-- align icons -->\n\t<\/div>\n\n\t<\/a>\n\t\t\t\t<\/div>\n\t\t\t\t<\/div>\n\t\t\t\t\t<\/div>\n\t\t<\/div>\n\t\t\t\t<div class=\"elementor-column elementor-col-100 elementor-top-column elementor-element elementor-element-2509b26 stm_sm_gutter_back\" data-id=\"2509b26\" data-element_type=\"column\" data-settings=\"{&quot;background_background&quot;:&quot;classic&quot;}\">\n\t\t\t<div class=\"elementor-widget-wrap elementor-element-populated\">\n\t\t\t\t\t\t<div class=\"elementor-element elementor-element-2509ecd elementor-widget elementor-widget-stm_icon_box\" data-id=\"2509ecd\" data-element_type=\"widget\" data-widget_type=\"stm_icon_box.default\">\n\t\t\t\t<div class=\"elementor-widget-container\">\n\t\t\t\t\t<style type=\"text\/css\">.module__6277e63ed09ae00d44470d5099bb8e1d {\n    background:#ffffff !important; color:#555555;\n}\n\n.module__6277e63ed09ae00d44470d5099bb8e1d .icon {\n    width:35px;\n}\n.module__6277e63ed09ae00d44470d5099bb8e1d .icon svg {\n\twidth: 33px;\n\theight: 33px;\n}\n.module__6277e63ed09ae00d44470d5099bb8e1d .icon svg,\n.module__6277e63ed09ae00d44470d5099bb8e1d .icon i {\n    font-size: 33px;\n    color: #eab830 !important;\n}\n.icon_alignment_top_left .module__6277e63ed09ae00d44470d5099bb8e1d {\n    text-align: left;\n}\n.icon_alignment_top_center .module__6277e63ed09ae00d44470d5099bb8e1d {\n    text-align: center;\n    margin-right: auto;\n    margin-left: auto;\n}\n.icon_alignment_top_right .module__6277e63ed09ae00d44470d5099bb8e1d {\n    text-align: right;\n    margin-right: 0;\n    margin-left: auto;\n}\n<\/style>\n\t<a\t\n\t\thref=\"#\" \n\t\ttitle=\"\"\n\t\t\t>\n\n\t<div class=\"icon_box masterstudy_elementor_icon_box  stm_icon_box_hover_none dark module__6277e63ed09ae00d44470d5099bb8e1d box_align_left clearfix\">\n\t\t<div class=\"icon_alignment_left\">\n\t\t\t\t\t\t\t<div class=\"icon module__6277e63ed09ae00d44470d5099bb8e1d\">\n\t\t\t\t\t\t\t\t\t\t\t<i class=\" fa-icon-stm_icon_earth\"><\/i>\n\t\t\t\t\t\t\t\t\t<\/div>\n\t\t\t\n\t\t\t<div class=\"icon_text\">\n\t\t\t\t\t\t\t\t\t<h5 style=\"color:#555555\">\n\t\t\t\t\t\tSitio:\t\t\t\t\t<\/h5>\n\t\t\t\t\t\t\t\t<p><p><a href=\"http:\/\/exati.com.br\">exati.com.br<\/a><\/p><\/p>\t\t\t<\/div>\n\t\t<\/div> <!-- align icons -->\n\t<\/div>\n\n\t<\/a>\n\t\t\t\t<\/div>\n\t\t\t\t<\/div>\n\t\t\t\t\t<\/div>\n\t\t<\/div>\n\t\t\t\t\t<\/div>\n\t\t<\/section>\n\t\t\t\t\t<\/div>\n\t\t<\/div>\n\t\t\t\t<div class=\"elementor-column elementor-col-50 elementor-top-column elementor-element elementor-element-250a080\" data-id=\"250a080\" data-element_type=\"column\">\n\t\t\t<div class=\"elementor-widget-wrap elementor-element-populated\">\n\t\t\t\t\t\t<div class=\"elementor-element elementor-element-b6b2175 elementor-widget elementor-widget-vc_custom_heading\" data-id=\"b6b2175\" data-element_type=\"widget\" data-widget_type=\"vc_custom_heading.default\">\n\t\t\t\t<div class=\"elementor-widget-container\">\n\t\t\t\t\t<div class=\" vc_custom_heading  masterstudy_heading_font  text_align_left\" ><h3 style=\"text-align: left;font-weight:700\" class=\"masterstudy-custom-title\">Localizaci\u00f3n:\n<\/h3><\/div>\t\t\t\t<\/div>\n\t\t\t\t<\/div>\n\t\t\t\t<div class=\"elementor-element elementor-element-25081ec elementor-widget elementor-widget-stm_icon_box\" data-id=\"25081ec\" data-element_type=\"widget\" data-widget_type=\"stm_icon_box.default\">\n\t\t\t\t<div class=\"elementor-widget-container\">\n\t\t\t\t\t<style type=\"text\/css\">.module__8578764485cbb9a713c57d4a6e20d4c8 {\n    background:#ffffff !important; color:#555555;\n}\n\n.module__8578764485cbb9a713c57d4a6e20d4c8 .icon {\n    width:35px;\n}\n.module__8578764485cbb9a713c57d4a6e20d4c8 .icon svg {\n\twidth: 35px;\n\theight: 35px;\n}\n.module__8578764485cbb9a713c57d4a6e20d4c8 .icon svg,\n.module__8578764485cbb9a713c57d4a6e20d4c8 .icon i {\n    font-size: 35px;\n    color: #eab830 !important;\n}\n.icon_alignment_top_left .module__8578764485cbb9a713c57d4a6e20d4c8 {\n    text-align: left;\n}\n.icon_alignment_top_center .module__8578764485cbb9a713c57d4a6e20d4c8 {\n    text-align: center;\n    margin-right: auto;\n    margin-left: auto;\n}\n.icon_alignment_top_right .module__8578764485cbb9a713c57d4a6e20d4c8 {\n    text-align: right;\n    margin-right: 0;\n    margin-left: auto;\n}\n<\/style>\n\t<a\t\n\t\thref=\"#\" \n\t\ttitle=\"\"\n\t\t\t>\n\n\t<div class=\"icon_box masterstudy_elementor_icon_box  stm_icon_box_hover_none standart module__8578764485cbb9a713c57d4a6e20d4c8 box_align_left clearfix\">\n\t\t<div class=\"icon_alignment_left\">\n\t\t\t\t\t\t\t<div class=\"icon module__8578764485cbb9a713c57d4a6e20d4c8\">\n\t\t\t\t\t\t\t\t\t\t\t<i class=\" fa-icon-stm_icon_pin-o\"><\/i>\n\t\t\t\t\t\t\t\t\t<\/div>\n\t\t\t\n\t\t\t<div class=\"icon_text\">\n\t\t\t\t\t\t\t\t\t<h5 style=\"color:#555555\">\n\t\t\t\t\t\tDirecci\u00f3n:\t\t\t\t\t<\/h5>\n\t\t\t\t\t\t\t\t<p><p>Rua Professor Joaquim de Mattos Barreto, 478, S\u00e3o Louren\u00e7o - Curitiba\/PR<\/p><\/p>\t\t\t<\/div>\n\t\t<\/div> <!-- align icons -->\n\t<\/div>\n\n\t<\/a>\n\t\t\t\t<\/div>\n\t\t\t\t<\/div>\n\t\t\t\t<div class=\"elementor-element elementor-element-250aa85 elementor-widget elementor-widget-google_maps\" data-id=\"250aa85\" data-element_type=\"widget\" data-widget_type=\"google_maps.default\">\n\t\t\t\t<div class=\"elementor-widget-container\">\n\t\t\t\t\t\t\t<div class=\"elementor-custom-embed\">\n\t\t\t<iframe loading=\"lazy\"\n\t\t\t\t\tsrc=\"https:\/\/maps.google.com\/maps?q=Rua%20Professor%20Joaquim%20de%20Mattos%20Barreto%2C%20478%2C%20S%C3%A3o%20Louren%C3%A7o%20-%20Curitiba%2FPR&#038;t=m&#038;z=10&#038;output=embed&#038;iwloc=near\"\n\t\t\t\t\ttitle=\"Rua Professor Joaquim de Mattos Barreto, 478, S\u00e3o Louren\u00e7o - Curitiba\/PR\"\n\t\t\t\t\taria-label=\"Rua Professor Joaquim de Mattos Barreto, 478, S\u00e3o Louren\u00e7o - Curitiba\/PR\"\n\t\t\t><\/iframe>\n\t\t<\/div>\n\t\t\t\t\t\t<\/div>\n\t\t\t\t<\/div>\n\t\t\t\t\t<\/div>\n\t\t<\/div>\n\t\t\t\t\t<\/div>\n\t\t<\/section>\n\t\t\t\t<section class=\"elementor-section elementor-top-section elementor-element elementor-element-250ad88 elementor-section-boxed elementor-section-height-default elementor-section-height-default\" data-id=\"250ad88\" data-element_type=\"section\">\n\t\t\t\t\t\t<div class=\"elementor-container elementor-column-gap-default\">\n\t\t\t\t\t<div class=\"elementor-column elementor-col-100 elementor-top-column elementor-element elementor-element-250b171\" data-id=\"250b171\" data-element_type=\"column\">\n\t\t\t<div class=\"elementor-widget-wrap elementor-element-populated\">\n\t\t\t\t\t\t<div class=\"elementor-element elementor-element-250b4d3 elementor-widget elementor-widget-stm_multy_separator\" data-id=\"250b4d3\" data-element_type=\"widget\" data-widget_type=\"stm_multy_separator.default\">\n\t\t\t\t<div class=\"elementor-widget-container\">\n\t\t\t\t\t\n<div class=\"multiseparator masterstudy_elementor_multy_separator_\"><\/div>\n\t\t\t\t<\/div>\n\t\t\t\t<\/div>\n\t\t\t\t\t<\/div>\n\t\t<\/div>\n\t\t\t\t\t<\/div>\n\t\t<\/section>\n\t\t\t\t<section class=\"elementor-section elementor-top-section elementor-element elementor-element-250b576 elementor-section-boxed elementor-section-height-default elementor-section-height-default\" data-id=\"250b576\" data-element_type=\"section\">\n\t\t\t\t\t\t<div class=\"elementor-container elementor-column-gap-default\">\n\t\t\t\t\t<div class=\"elementor-column elementor-col-100 elementor-top-column elementor-element elementor-element-250b9a4 custom-border\" data-id=\"250b9a4\" data-element_type=\"column\" data-settings=\"{&quot;background_background&quot;:&quot;classic&quot;}\">\n\t\t\t<div class=\"elementor-widget-wrap elementor-element-populated\">\n\t\t\t\t\t\t<div class=\"elementor-element elementor-element-250bd15 elementor-widget elementor-widget-vc_custom_heading\" data-id=\"250bd15\" data-element_type=\"widget\" data-widget_type=\"vc_custom_heading.default\">\n\t\t\t\t<div class=\"elementor-widget-container\">\n\t\t\t\t\t<div class=\" vc_custom_heading  masterstudy_heading_font  text_align_left\" ><h3 style=\"text-align: left;font-weight:700\" class=\"masterstudy-custom-title\">Comentario:\n<\/h3><\/div>\t\t\t\t<\/div>\n\t\t\t\t<\/div>\n\t\t\t\t<div class=\"elementor-element elementor-element-718257a elementor-widget elementor-widget-stm_contact_form_7\" data-id=\"718257a\" data-element_type=\"widget\" data-widget_type=\"stm_contact_form_7.default\">\n\t\t\t\t<div class=\"elementor-widget-container\">\n\t\t\t\t\t\n<div class=\"wpcf7 no-js\" id=\"wpcf7-f403-o1\" lang=\"pt-BR\" dir=\"ltr\" data-wpcf7-id=\"403\">\n<div class=\"screen-reader-response\"><p role=\"status\" aria-live=\"polite\" aria-atomic=\"true\"><\/p> <ul><\/ul><\/div>\n<form action=\"\/es\/wp-json\/wp\/v2\/pages\/7032#wpcf7-f403-o1\" method=\"post\" class=\"wpcf7-form init\" aria-label=\"Formul\u00e1rios de contato\" novalidate=\"novalidate\" data-status=\"init\">\n<div style=\"display: none;\">\n<input type=\"hidden\" name=\"_wpcf7\" value=\"403\" \/>\n<input type=\"hidden\" name=\"_wpcf7_version\" value=\"6.0.4\" \/>\n<input type=\"hidden\" name=\"_wpcf7_locale\" value=\"pt_BR\" \/>\n<input type=\"hidden\" name=\"_wpcf7_unit_tag\" value=\"wpcf7-f403-o1\" \/>\n<input type=\"hidden\" name=\"_wpcf7_container_post\" value=\"0\" \/>\n<input type=\"hidden\" name=\"_wpcf7_posted_data_hash\" value=\"\" \/>\n<\/div>\n<div class=\"row\">\n\t<div class=\"col-xs-12 col-sm-6 col-md-6 col-lg-6\">\n\t\t<div class=\"form-group\">\n\t\t\t<p><span class=\"wpcf7-form-control-wrap\" data-name=\"nome\"><input size=\"40\" maxlength=\"400\" class=\"wpcf7-form-control wpcf7-text wpcf7-validates-as-required form-control\" aria-required=\"true\" aria-invalid=\"false\" placeholder=\"Nome\" value=\"\" type=\"text\" name=\"nome\" \/><\/span>\n\t\t\t<\/p>\n\t\t<\/div>\n\t<\/div>\n\t<div class=\"col-xs-12 col-sm-6 col-md-6 col-lg-6\">\n\t\t<div class=\"form-group\">\n\t\t\t<p><span class=\"wpcf7-form-control-wrap\" data-name=\"email\"><input size=\"40\" maxlength=\"400\" class=\"wpcf7-form-control wpcf7-email wpcf7-validates-as-required wpcf7-text wpcf7-validates-as-email form-control\" aria-required=\"true\" aria-invalid=\"false\" placeholder=\"Email\" value=\"\" type=\"email\" name=\"email\" \/><\/span>\n\t\t\t<\/p>\n\t\t<\/div>\n\t<\/div>\n<\/div>\n<div class=\"row\">\n\t<div class=\"col-xs-12 col-sm-12 col-md-12 col-lg-12\">\n\t\t<div class=\"form-group\">\n\t\t\t<p><span class=\"wpcf7-form-control-wrap\" data-name=\"message\"><textarea cols=\"40\" rows=\"9\" maxlength=\"2000\" class=\"wpcf7-form-control wpcf7-textarea wpcf7-validates-as-required form-control\" aria-required=\"true\" aria-invalid=\"false\" name=\"message\"><\/textarea><\/span>\n\t\t\t<\/p>\n\t\t<\/div>\n\t<\/div>\n<\/div>\n<div class=\"row\">\n\t<div class=\"col-xs-12 col-sm-12 col-md-12 col-lg-12\">\n\t\t<p><input class=\"wpcf7-form-control wpcf7-submit has-spinner btn btn-default\" type=\"submit\" value=\"Enviar\" \/>\n\t\t<\/p>\n\t<\/div>\n<\/div><div class=\"wpcf7-response-output\" aria-hidden=\"true\"><\/div>\n<\/form>\n<\/div>\n\t\t\t\t<\/div>\n\t\t\t\t<\/div>\n\t\t\t\t\t<\/div>\n\t\t<\/div>\n\t\t\t\t\t<\/div>\n\t\t<\/section>\n\t\t\t\t<\/div>\n\t\t","protected":false},"excerpt":{"rendered":"<p>Contactos: Tel\u00e9fono +55 (41) 3020-2400 Email: suporte@exati.com.br Sitio: exati.com.br Localizaci\u00f3n: Direcci\u00f3n: Rua Professor Joaquim de Mattos Barreto, 478, S\u00e3o Louren\u00e7o &#8211; Curitiba\/PR Comentario:<\/p>\n","protected":false},"author":1,"featured_media":0,"parent":0,"menu_order":0,"comment_status":"closed","ping_status":"closed","template":"","meta":{"pmpro_default_level":"","footnotes":""},"class_list":["post-7032","page","type-page","status-publish","hentry","pmpro-has-access"],"_links":{"self":[{"href":"https:\/\/ead.exati.com.br\/es\/wp-json\/wp\/v2\/pages\/7032","targetHints":{"allow":["GET"]}}],"collection":[{"href":"https:\/\/ead.exati.com.br\/es\/wp-json\/wp\/v2\/pages"}],"about":[{"href":"https:\/\/ead.exati.com.br\/es\/wp-json\/wp\/v2\/types\/page"}],"author":[{"embeddable":true,"href":"https:\/\/ead.exati.com.br\/es\/wp-json\/wp\/v2\/users\/1"}],"replies":[{"embeddable":true,"href":"https:\/\/ead.exati.com.br\/es\/wp-json\/wp\/v2\/comments?post=7032"}],"version-history":[{"count":10,"href":"https:\/\/ead.exati.com.br\/es\/wp-json\/wp\/v2\/pages\/7032\/revisions"}],"predecessor-version":[{"id":7080,"href":"https:\/\/ead.exati.com.br\/es\/wp-json\/wp\/v2\/pages\/7032\/revisions\/7080"}],"wp:attachment":[{"href":"https:\/\/ead.exati.com.br\/es\/wp-json\/wp\/v2\/media?parent=7032"}],"curies":[{"name":"wp","href":"https:\/\/api.w.org\/{rel}","templated":true}]}}